{"id":245,"date":"2017-11-20T16:10:29","date_gmt":"2017-11-20T15:10:29","guid":{"rendered":"https:\/\/www.onlineanwalt.com\/Martin-Walzer\/?page_id=245"},"modified":"2018-05-27T15:29:21","modified_gmt":"2018-05-27T13:29:21","slug":"cabinet-d-avocats","status":"publish","type":"page","link":"https:\/\/www.onlineanwalt.com\/Martin-Walzer\/fr\/cabinet-d-avocats\/","title":{"rendered":"Cabinet d avocats"},"content":{"rendered":"<div id=\"pl-245\"  class=\"panel-layout\" ><div id=\"pg-245-0\"  class=\"panel-grid panel-no-style\" ><div id=\"pgc-245-0-0\"  class=\"panel-grid-cell\" ><div id=\"panel-245-0-0-0\" class=\"so-panel widget widget_siteorigin-panels-builder panel-first-child panel-last-child\" data-index=\"0\" ><div class=\"panel-widget-style panel-widget-style-for-245-0-0-0\" ><div id=\"pl-w5acf1e04b58bf\"  class=\"panel-layout\" ><div id=\"pg-w5acf1e04b58bf-0\"  class=\"panel-grid panel-has-style\" ><div class=\"panel-row-style panel-row-style-for-w5acf1e04b58bf-0\" ><div id=\"pgc-w5acf1e04b58bf-0-0\"  class=\"panel-grid-cell\" ><div id=\"panel-w5acf1e04b58bf-0-0-0\" class=\"so-panel widget widget_black-studio-tinymce widget_black_studio_tinymce panel-first-child\" data-index=\"0\" ><div class=\"panel-widget-style panel-widget-style-for-w5acf1e04b58bf-0-0-0\" ><div class=\"textwidget\"><p style=\"text-align: center;\"><img loading=\"lazy\" decoding=\"async\" class=\"aligncenter size-full wp-image-185\" src=\"https:\/\/www.onlineanwalt.com\/Martin-Walzer\/wp-content\/uploads\/2017\/11\/Martin-Walzer-Anwalt.jpg\" alt=\"Martin Walzer Rechtsanwalt D\u00fcsseldorf - Portrait\" width=\"258\" height=\"313\" srcset=\"https:\/\/www.onlineanwalt.com\/Martin-Walzer\/wp-content\/uploads\/2017\/11\/Martin-Walzer-Anwalt.jpg 258w, https:\/\/www.onlineanwalt.com\/Martin-Walzer\/wp-content\/uploads\/2017\/11\/Martin-Walzer-Anwalt-247x300.jpg 247w\" sizes=\"(max-width: 258px) 85vw, 258px\" \/><\/p><\/div><\/div><\/div><div id=\"panel-w5acf1e04b58bf-0-0-1\" class=\"so-panel widget widget_black-studio-tinymce widget_black_studio_tinymce\" data-index=\"1\" ><div class=\"bluebalken panel-widget-style panel-widget-style-for-w5acf1e04b58bf-0-0-1\" ><div class=\"textwidget\"><h5 style=\"text-align: center;\"><span style=\"font-size: 14pt;\">Martin Walzer<strong><br \/><\/strong><\/span><\/h5>\n<\/div><\/div><\/div><div id=\"panel-w5acf1e04b58bf-0-0-2\" class=\"so-panel widget widget_black-studio-tinymce widget_black_studio_tinymce panel-last-child\" data-index=\"2\" ><div class=\"contact-left panel-widget-style panel-widget-style-for-w5acf1e04b58bf-0-0-2\" ><h3 class=\"widget-title\">WALZER Bureau d&#8217;avocats<\/h3><div class=\"textwidget\"><p>Martin Walzer, LL.M.<br \/>Avocat<\/p>\n<p>Benrather Str. 11<br \/>40213 D\u00fcsseldorf<\/p>\n<p>Tel.: 0211 - 32 87 50<br \/><a href=\"&#109;&#x61;&#105;&#x6c;&#116;&#x6f;&#58;&#x77;&#97;&#x6c;&#122;&#x65;&#114;&#x40;&#111;&#x6e;&#108;&#x69;&#110;&#x65;&#97;&#x6e;&#119;&#x61;&#108;&#x74;&#46;&#x63;&#111;&#x6d;\">&#119;&#x61;l&#x7a;&#x65;&#114;&#x40;o&#x6e;&#x6c;&#105;&#x6e;e&#x61;&#x6e;&#119;&#x61;l&#x74;&#x2e;&#99;&#x6f;m<\/a><\/p>\n<\/div><\/div><\/div><\/div><\/div><\/div><\/div><\/div><\/div><\/div><div id=\"pgc-245-0-1\"  class=\"panel-grid-cell\" ><div id=\"panel-245-0-1-0\" class=\"so-panel widget widget_black-studio-tinymce widget_black_studio_tinymce panel-first-child\" data-index=\"1\" ><div class=\"textwidget\"><h1>Martin Walzer<\/h1>\n<h4>, LL.M.<br \/>\u00a0<\/h4>\n<p><strong>Avocat, LL.M.<\/strong><br \/> <strong>Droit des technologies de l\u00b4information (IT-Recht)<\/strong><br \/> <strong>LL.M technologie de l'information (IT-Recht)<\/strong><\/p>\n<ul>\n<li>Droits civil et des affaires<\/li>\n<li>Droits de l\u00b4internet, des technologies de l'information, des logiciels, des m\u00e9dias et de l'informatique<\/li>\n<li>Droit de la propri\u00e9t\u00e9 intellectuelle, des marques et de la concurrence<\/li>\n<li>Droit des contrats de licence et des conditions g\u00e9n\u00e9rales d'utilisation<\/li>\n<li>Droit du commercial et des soci\u00e9t\u00e9s<\/li>\n<li>Proc\u00e9dure d\u00b4avertissement, proc\u00e9dure d\u00b4injonction, recouvrement de cr\u00e9ances<br \/>Allemagne \/ UE \/ Suisse<\/li>\n<li>Droit de la construction, de la l\u00e9gislation relative au louage d'ouvrage et de l'industrie<\/li>\n<li>Droit du travail et de la l\u00e9gislation relative au louage de main d'\u0153uvre<\/li>\n<li>Droit bancaire, droit des assurances et des march\u00e9s financiers<\/li>\n<\/ul>\n<p>\u00a0<strong>Langues: Allemand, Anglais, Fran\u00e7ais<\/strong><\/p>\n<\/div><\/div><div id=\"panel-245-0-1-1\" class=\"so-panel widget widget_black-studio-tinymce widget_black_studio_tinymce panel-last-child\" data-index=\"2\" ><div id=\"Vita\" class=\"panel-widget-style panel-widget-style-for-245-0-1-1\" ><h3 class=\"widget-title\">Parcours professionnel<\/h3><div class=\"textwidget\"><ul>\n<li>\u00c9tudes de droit aux universit\u00e9s de D\u00fcsseldorf et Cologne<br \/> (Premier examen d'\u00c9tat, mati\u00e8re primaire choisie: droit priv\u00e9 international)<\/li>\n<li>Stage pratique (Referendariat), notamment dans des cabinets d'avocats internationaux en droit des affaires, au Tribunal de grande instance de D\u00fcsseldorf (Landgericht) et avec le maire de la ville de D\u00fcsseldorf (Deuxi\u00e8me examen d'\u00c9tat, mati\u00e8re primaire choisie : droit du travail)<\/li>\n<li>Activit\u00e9 en tant que conseiller en entreprise dans les domaines de conseil en strat\u00e9gie, du management de projets, de la construction de nouvelles zones de vente, de la restructuration et du redressement<\/li>\n<li>Obtention du titre acad\u00e9mique Master of Laws (LL.M. Droit de l'information et des technologies) \u00e0 l'universit\u00e9 de D\u00fcsseldorf avec comme th\u00e8mes principaux les droits de l'informatique, de l'Internet, de la propri\u00e9t\u00e9 intellectuelle, des marques et de la concurrence<\/li>\n<li>Attribution de la qualification d'avocat sp\u00e9cialis\u00e9 en droit des technologies de l'information par le barreau de D\u00fcsseldorf<\/li>\n<li>2006 - 2017: Avocat au cabinet d'avocats Kreuzkamp &amp; Partner, D\u00fcsseldorf<\/li>\n<\/ul>\n<\/div><\/div><\/div><\/div><\/div><div id=\"pg-245-1\"  class=\"panel-grid panel-has-style\" ><div class=\"so-parallax siteorigin-panels-stretch panel-row-style panel-row-style-for-245-1\" data-stretch-type=\"full-stretched\" ><img fetchpriority=\"high\" decoding=\"async\" width=\"1900\" height=\"1066\" src=\"https:\/\/www.onlineanwalt.com\/Martin-Walzer\/wp-content\/uploads\/2017\/11\/Globusm.jpg\" class=\"attachment-full size-full\" alt=\"\" data-siteorigin-parallax=\"true\" loading=\"eager\" srcset=\"https:\/\/www.onlineanwalt.com\/Martin-Walzer\/wp-content\/uploads\/2017\/11\/Globusm.jpg 1900w, https:\/\/www.onlineanwalt.com\/Martin-Walzer\/wp-content\/uploads\/2017\/11\/Globusm-300x168.jpg 300w, https:\/\/www.onlineanwalt.com\/Martin-Walzer\/wp-content\/uploads\/2017\/11\/Globusm-768x431.jpg 768w, https:\/\/www.onlineanwalt.com\/Martin-Walzer\/wp-content\/uploads\/2017\/11\/Globusm-1024x575.jpg 1024w, https:\/\/www.onlineanwalt.com\/Martin-Walzer\/wp-content\/uploads\/2017\/11\/Globusm-1200x673.jpg 1200w\" sizes=\"(max-width: 709px) 85vw, (max-width: 909px) 67vw, (max-width: 1362px) 62vw, 840px\" \/><div id=\"pgc-245-1-0\"  class=\"panel-grid-cell\" ><div id=\"panel-245-1-0-0\" class=\"so-panel widget widget_siteorigin-panels-builder panel-first-child panel-last-child\" data-index=\"3\" ><div id=\"pl-w5acf1e04b59b5\"  class=\"panel-layout\" ><div id=\"pg-w5acf1e04b59b5-0\"  class=\"panel-grid panel-has-style\" ><div id=\"Vertretung\" class=\"panel-row-style panel-row-style-for-w5acf1e04b59b5-0\" ><div id=\"pgc-w5acf1e04b59b5-0-0\"  class=\"panel-grid-cell\" ><div id=\"panel-w5acf1e04b59b5-0-0-0\" class=\"so-panel widget widget_black-studio-tinymce widget_black_studio_tinymce panel-first-child panel-last-child\" data-index=\"0\" ><div class=\"panel-widget-style panel-widget-style-for-w5acf1e04b59b5-0-0-0\" ><div class=\"textwidget\"><p style=\"text-align: center;\"><img loading=\"lazy\" decoding=\"async\" class=\"aligncenter size-full wp-image-101\" src=\"https:\/\/www.onlineanwalt.com\/Martin-Walzer\/wp-content\/uploads\/2017\/11\/Martin-Walzer-Rechtsanwalt.jpg\" alt=\"Martin Walzer Rechtsanwalt D\u00fcsseldorf - Anwaltliche Vertretung\" width=\"350\" height=\"380\" \/><\/p>\n<\/div><\/div><\/div><\/div><div id=\"pgc-w5acf1e04b59b5-0-1\"  class=\"panel-grid-cell\" ><div id=\"panel-w5acf1e04b59b5-0-1-0\" class=\"so-panel widget widget_black-studio-tinymce widget_black_studio_tinymce panel-first-child panel-last-child\" data-index=\"1\" ><div id=\"Vertretung-rechts\" class=\"panel-widget-style panel-widget-style-for-w5acf1e04b59b5-0-1-0\" ><h3 class=\"widget-title\">Repr\u00e9sentation en tant qu&#8217;avocat<\/h3><div class=\"textwidget\"><ul>\n<li>Tribunaux allemands d'instance et de grande instance<\/li>\n<li>Cour f\u00e9d\u00e9rale des brevets<\/li>\n<li>Cour supr\u00eame f\u00e9d\u00e9rale en proc\u00e9dure de recours avec pour juridiction inf\u00e9rieure la Cour f\u00e9d\u00e9rale des brevets<\/li>\n<li>Office europ\u00e9en des brevets (Munich)<\/li>\n<li>Office allemand des brevets et des marques (Munich)<\/li>\n<li>Office europ\u00e9en de l'harmonisation int\u00e9rieure (Alicante)<\/li>\n<li>Organisation mondiale pour la propri\u00e9t\u00e9 intellectuelle (WIPO, Genf)<\/li>\n<\/ul>\n<\/div><\/div><\/div><\/div><\/div><\/div><\/div><\/div><\/div><\/div><\/div><div id=\"pg-245-2\"  class=\"panel-grid panel-has-style\" ><div id=\"Publikationen\" class=\"panel-row-style panel-row-style-for-245-2\" ><div id=\"pgc-245-2-0\"  class=\"panel-grid-cell\" ><div id=\"panel-245-2-0-0\" class=\"so-panel widget widget_black-studio-tinymce widget_black_studio_tinymce panel-first-child panel-last-child\" data-index=\"4\" ><h3 class=\"widget-title\">Extraits de publications<\/h3><div class=\"textwidget\"><ul>\n<li>Th\u00e8me: \"Abmahnung von Unternehmen und Online-Shops\"- Rappel \u00e0 l'ordre d'entreprises et sites d\u00b4achat en ligne<\/li>\n<li>Th\u00e8me: \"Kunde zahlt nicht, was nun ? - M\u00f6glichkeiten der Forderungsdurchsetzung\" \u2013 Le client ne paye pas.. et maintenant ? Possibilit\u00e9s de revendication<\/li>\n<li>Th\u00e8me: \"Angabe \"versicherter Versand\" verst\u00f6\u00dft gegen Wettbewerbsrecht\" \u2013 L\u00b4indication \u00ab exp\u00e9dition assur\u00e9e \u00bb enfreint le droit de la concurrence<\/li>\n<li>Th\u00e8me: \"Europ\u00e4ischer Gerichtshof: Mangelhafte Ware ist kostenlos umzutauschen\"<\/li>\n<li>Cour de justice europ\u00e9enne: La marchandise d\u00e9fectueuse est \u00e9changeable gratuitement<\/li>\n<\/ul>\n<\/div><\/div><\/div><div id=\"pgc-245-2-1\"  class=\"panel-grid-cell\" ><div id=\"panel-245-2-1-0\" class=\"so-panel widget widget_black-studio-tinymce widget_black_studio_tinymce panel-first-child panel-last-child\" data-index=\"5\" ><h3 class=\"widget-title\">Conf\u00e9rences &#038; publications<\/h3><div class=\"textwidget\"><ul>\n<li>R\u00e9alisation de formations, s\u00e9minaires et Workshops notamment en droits bancaire, des march\u00e9s financiers, du travail et de la concurrence pour l'\u00e9cole de commerce Francfort School of Finance et management, ainsi que pour des entreprises<\/li>\n<li>Publications d'articles sur les th\u00e8mes \u00ab \u00c9conomie et droit \u00bb pour le journal \"Unternehmen!\"(Editeur : syndicat patronal de Duisburg) ainsi que pour le minist\u00e8re de la R\u00e9publique f\u00e9d\u00e9rale pour l'\u00e9conomie et la technologie (Berlin)<\/li>\n<\/ul>\n<\/div><\/div><\/div><\/div><\/div><div id=\"pg-245-3\"  class=\"panel-grid panel-has-style\" ><div id=\"Kontakt\" class=\"panel-row-style panel-row-style-for-245-3\" ><div id=\"pgc-245-3-0\"  class=\"panel-grid-cell\" ><div id=\"panel-245-3-0-0\" class=\"so-panel widget widget_black-studio-tinymce widget_black_studio_tinymce panel-first-child panel-last-child\" data-index=\"6\" ><h3 class=\"widget-title\">Contact<\/h3><div class=\"textwidget\"><p>\n<div class=\"wpcf7 no-js\" id=\"wpcf7-f417-o1\" lang=\"de-DE\" dir=\"ltr\">\n<div class=\"screen-reader-response\"><p role=\"status\" aria-live=\"polite\" aria-atomic=\"true\"><\/p> <ul><\/ul><\/div>\n<form action=\"\/Martin-Walzer\/wp-json\/wp\/v2\/pages\/245#wpcf7-f417-o1\" method=\"post\" class=\"wpcf7-form init\" aria-label=\"Kontaktformular\" novalidate=\"novalidate\" data-status=\"init\">\n<div style=\"display: none;\">\n<input type=\"hidden\" name=\"_wpcf7\" value=\"417\" \/>\n<input type=\"hidden\" name=\"_wpcf7_version\" value=\"5.8.5\" \/>\n<input type=\"hidden\" name=\"_wpcf7_locale\" value=\"de_DE\" \/>\n<input type=\"hidden\" name=\"_wpcf7_unit_tag\" value=\"wpcf7-f417-o1\" \/>\n<input type=\"hidden\" name=\"_wpcf7_container_post\" value=\"0\" \/>\n<input type=\"hidden\" name=\"_wpcf7_posted_data_hash\" value=\"\" \/>\n<\/div>\n<p><span class=\"wpcf7-form-control-wrap\" data-name=\"your-name\"><input size=\"40\" class=\"wpcf7-form-control wpcf7-text wpcf7-validates-as-required inpeigen\" aria-required=\"true\" aria-invalid=\"false\" placeholder=\"Name*\" value=\"\" type=\"text\" name=\"your-name\" \/><\/span><br \/>\n<span class=\"wpcf7-form-control-wrap\" data-name=\"your-email\"><input size=\"40\" class=\"wpcf7-form-control wpcf7-email wpcf7-validates-as-required wpcf7-text wpcf7-validates-as-email inpeigen\" aria-required=\"true\" aria-invalid=\"false\" placeholder=\"E-Mail*\" value=\"\" type=\"email\" name=\"your-email\" \/><\/span><br \/>\n<span class=\"wpcf7-form-control-wrap\" data-name=\"your-phone\"><input size=\"40\" class=\"wpcf7-form-control wpcf7-tel wpcf7-validates-as-required wpcf7-text wpcf7-validates-as-tel inpeigen\" aria-required=\"true\" aria-invalid=\"false\" placeholder=\"Tephefone*\" value=\"\" type=\"tel\" name=\"your-phone\" \/><\/span><br \/>\n<span class=\"wpcf7-form-control-wrap\" data-name=\"your-message\"><textarea cols=\"40\" rows=\"10\" class=\"wpcf7-form-control wpcf7-textarea texeigen\" aria-invalid=\"false\" placeholder=\"Message\" name=\"your-message\"><\/textarea><\/span><br \/>\n<span id=\"wpcf7-6a030376c28f6-wrapper\" class=\"wpcf7-form-control-wrap honeypot-713-wrap\" ><input id=\"wpcf7-6a030376c28f6-field\"  class=\"wpcf7-form-control wpcf7-text\" type=\"text\" name=\"honeypot-713\" value=\"\" size=\"40\" tabindex=\"-1\" autocomplete=\"new-password\" \/><\/span>\n<\/p>\n<p style=\"font-size:11px;line-height:15px !important;margin-top:20px;\"><span class=\"wpcf7-form-control-wrap\" data-name=\"privacy\"><span class=\"wpcf7-form-control wpcf7-checkbox wpcf7-validates-as-required\" id=\"con\"><span class=\"wpcf7-list-item first last\"><input type=\"checkbox\" name=\"privacy[]\" value=\"*\" \/><span class=\"wpcf7-list-item-label\">*<\/span><\/span><\/span><\/span> J'accepte que mes coordonn\u00e9es du formulaire de contact soient collect\u00e9es et trait\u00e9es pour r\u00e9pondre \u00e0 ma demande. Les donn\u00e9es seront supprim\u00e9es apr\u00e8s le traitement de votre demande. Remarque: Vous pouvez r\u00e9voquer votre consentement \u00e0 tout moment pour l'avenir en envoyant un courriel \u00e0 &#119;a&#x6c;z&#x65;r&#x40;o&#x6e;&#108;&#x69;&#110;&#x65;&#97;&#x6e;&#119;a&#108;t&#x2e;c&#x6f;m. Des informations d\u00e9taill\u00e9es sur le traitement des donn\u00e9es utilisateur peuvent \u00eatre trouv\u00e9es dans notre <a href=\"https:\/\/www.onlineanwalt.com\/Martin-Walzer\/fr\/politique-de-confidentialite\/\" style=\"text-decoration:underline;font-size:11px;line-height:15px !important;\">politique de confidentialit\u00e9<\/a>.\n<\/p>\n<p><input class=\"wpcf7-form-control wpcf7-submit has-spinner subeigen\" type=\"submit\" value=\"Envoyer\" \/>\n<\/p><div class=\"wpcf7-response-output\" aria-hidden=\"true\"><\/div>\n<\/form>\n<\/div>\n<\/p>\n<\/div><\/div><\/div><div id=\"pgc-245-3-1\"  class=\"panel-grid-cell\" ><div id=\"panel-245-3-1-0\" class=\"so-panel widget widget_black-studio-tinymce widget_black_studio_tinymce panel-first-child panel-last-child\" data-index=\"7\" ><h3 class=\"widget-title\">Approche<\/h3><div class=\"textwidget\"><p>Calculer l'itin\u00e9raire sur Google Maps:<\/p>\n<p><a title=\"Calculer l'itin\u00e9raire sur Google Maps\" href=\"https:\/\/maps.google.com\/maps?daddr=Benrather+Str+11+40213+D\u00fcsseldorf\" target=\"_blank\" rel=\"noopener\"><img loading=\"lazy\" decoding=\"async\" class=\"aligncenter size-full wp-image-409\" src=\"https:\/\/www.onlineanwalt.com\/Martin-Walzer\/wp-content\/uploads\/2017\/11\/Walzer-Maps.jpg\" alt=\"\" width=\"657\" height=\"405\" srcset=\"https:\/\/www.onlineanwalt.com\/Martin-Walzer\/wp-content\/uploads\/2017\/11\/Walzer-Maps.jpg 657w, https:\/\/www.onlineanwalt.com\/Martin-Walzer\/wp-content\/uploads\/2017\/11\/Walzer-Maps-300x185.jpg 300w\" sizes=\"(max-width: 657px) 85vw, 657px\" \/><\/a><small>La <a href=\"https:\/\/policies.google.com\/privacy?hl=fr&amp;gl=fr\" target=\"_blank\" rel=\"noopener\">politique de confidentialit\u00e9<\/a> de Google s'applique<\/small><\/p>\n<\/div><\/div><\/div><\/div><\/div><\/div>","protected":false},"excerpt":{"rendered":"<p>Martin Walzer , LL.M.\u00a0 Avocat, LL.M. Droit des technologies de l\u00b4information (IT-Recht) LL.M technologie de l&#8217;information (IT-Recht) Droits civil et des affaires Droits de l\u00b4internet, des technologies de l&#8217;information, des logiciels, des m\u00e9dias et de l&#8217;informatique Droit de la propri\u00e9t\u00e9 intellectuelle, des marques et de la concurrence Droit des contrats de licence et des conditions &hellip; <a href=\"https:\/\/www.onlineanwalt.com\/Martin-Walzer\/fr\/cabinet-d-avocats\/\" class=\"more-link\"><span class=\"screen-reader-text\">\u201eCabinet d avocats\u201c<\/span> weiterlesen<\/a><\/p>\n","protected":false},"author":1,"featured_media":0,"parent":0,"menu_order":0,"comment_status":"closed","ping_status":"closed","template":"","meta":{"footnotes":""},"_links":{"self":[{"href":"https:\/\/www.onlineanwalt.com\/Martin-Walzer\/wp-json\/wp\/v2\/pages\/245"}],"collection":[{"href":"https:\/\/www.onlineanwalt.com\/Martin-Walzer\/wp-json\/wp\/v2\/pages"}],"about":[{"href":"https:\/\/www.onlineanwalt.com\/Martin-Walzer\/wp-json\/wp\/v2\/types\/page"}],"author":[{"embeddable":true,"href":"https:\/\/www.onlineanwalt.com\/Martin-Walzer\/wp-json\/wp\/v2\/users\/1"}],"replies":[{"embeddable":true,"href":"https:\/\/www.onlineanwalt.com\/Martin-Walzer\/wp-json\/wp\/v2\/comments?post=245"}],"version-history":[{"count":33,"href":"https:\/\/www.onlineanwalt.com\/Martin-Walzer\/wp-json\/wp\/v2\/pages\/245\/revisions"}],"predecessor-version":[{"id":420,"href":"https:\/\/www.onlineanwalt.com\/Martin-Walzer\/wp-json\/wp\/v2\/pages\/245\/revisions\/420"}],"wp:attachment":[{"href":"https:\/\/www.onlineanwalt.com\/Martin-Walzer\/wp-json\/wp\/v2\/media?parent=245"}],"curies":[{"name":"wp","href":"https:\/\/api.w.org\/{rel}","templated":true}]}}