{"id":280,"date":"2017-11-21T11:14:41","date_gmt":"2017-11-21T10:14:41","guid":{"rendered":"https:\/\/www.onlineanwalt.com\/Martin-Walzer\/?page_id=280"},"modified":"2018-05-27T15:33:49","modified_gmt":"2018-05-27T13:33:49","slug":"impressum","status":"publish","type":"page","link":"https:\/\/www.onlineanwalt.com\/Martin-Walzer\/de\/impressum\/","title":{"rendered":"Impressum"},"content":{"rendered":"<div id=\"pl-280\"  class=\"panel-layout\" ><div id=\"pg-280-0\"  class=\"panel-grid panel-no-style\" ><div id=\"pgc-280-0-0\"  class=\"panel-grid-cell\" ><div id=\"panel-280-0-0-0\" class=\"so-panel widget widget_black-studio-tinymce widget_black_studio_tinymce panel-first-child panel-last-child\" data-index=\"0\" ><h3 class=\"widget-title\">Impressum<\/h3><div class=\"textwidget\"><\/div><\/div><\/div><\/div><div id=\"pg-280-1\"  class=\"panel-grid panel-has-style\" ><div id=\"imp\" class=\"panel-row-style panel-row-style-for-280-1\" ><div id=\"pgc-280-1-0\"  class=\"panel-grid-cell\" ><div id=\"panel-280-1-0-0\" class=\"so-panel widget widget_black-studio-tinymce widget_black_studio_tinymce panel-first-child panel-last-child\" data-index=\"1\" ><div class=\"textwidget\"><div class=\"textwidget\">\n<p>Martin Walzer<br \/>Rechtsanwalt<br \/> Benrather Str. 11<br \/> 40213 D\u00fcsseldorf<\/p>\n<p>Tel.: 0211 - 32 87 50<br \/>Fax: 0211 - 86 29 22 54<br \/> E-Mail: wa&#108;&#122;&#101;&#114;&#x40;&#x6f;&#x6e;&#x6c;&#x69;ne&#97;&#110;&#119;&#97;&#x6c;&#x74;&#x2e;&#x63;&#x6f;m<br \/> Internet: www.onlineanwalt.com<\/p>\n<p>Umsatzsteuer-Identifikationsnummer: DE222701991<\/p>\n<p>Berufsbezeichnung: Rechtsanwalt<br \/>Die Berufsbezeichnung wurde in der Bundesrepublik Deutschland verliehen.<br \/>Die Zust\u00e4ndige Kammer ist die Rechtsanwaltskammer D\u00fcsseldorf.<\/p>\n<p>Die ma\u00dfgeblichen berufsrechtlichen Regelungen sind insbesondere:<\/p>\n<p>- Bundesrechtsanwaltsordnung (BRAO)<br \/> - Berufsordnung f\u00fcr Rechtsanw\u00e4lte (BORA)<br \/> - Fachanwaltsordnung (FAO)<br \/> - Rechtsanwaltsverg\u00fctungsgesetz (RVG)<br \/> - Berufsregelungen der Rechtsanw\u00e4lte der Europ\u00e4ischen Union<\/p>\n<p>Die Regelungen k\u00f6nnen bei der Bundesrechtsanwaltskammer sowie auf der Homepage der Bundesrechtsanwaltskammer unter <a href=\"http:\/\/www.brak.de\" target=\"_blank\" rel=\"noopener\">www.brak.de<\/a> eingesehen werden.<\/p>\n<p>Angaben zur Berufshaftpflichtversicherung<strong><br \/> <\/strong>Es besteht eine Berufshaftpflichtversicherung bei der ERGO Versicherung AG, Victoriaplatz\u00a01, 40198 D\u00fcsseldorf mit weltweitem Geltungsbereich. Die Versicherungssumme betr\u00e4gt 1.000.000,00 EUR je Versicherungsfall und 2.000.000,00 EUR pro Versicherungsjahr. Bei Bedarf k\u00f6nnen auf ausdr\u00fcckliche Weisung des Mandanten und bei \u00dcbernahme der Kosten durch diesen im Einzelfall andere bzw. h\u00f6here Versicherungen abgeschlossen werden.<strong><br \/> <\/strong><\/p>\n<\/div>\n<\/div><\/div><\/div><div id=\"pgc-280-1-1\"  class=\"panel-grid-cell\" ><div id=\"panel-280-1-1-0\" class=\"so-panel widget widget_black-studio-tinymce widget_black_studio_tinymce panel-first-child panel-last-child\" data-index=\"2\" ><div class=\"textwidget\"><p>Inhaltlich Verantwortlicher gem\u00e4\u00df \u00a7 55 Abs. 2 RStV:\u00a0 Martin Walzer (Anschrift links)<\/p>\n<p>Plattform der EU zur au\u00dfergerichtlichen Online-Streitbeilegung:<br \/>\n <a href=\"http:\/\/ec.europa.eu\/consumers\/odr\" target=\"_blank\" rel=\"noopener\">http:\/\/ec.europa.eu\/consumers\/odr<\/a><br \/>\n E-Mail-Adresse: siehe links.<\/p>\n<p>Wir sind nicht bereit oder verpflichtet, an Streitbeilegungsverfahren vor einer Verbraucherschlichtungsstelle teilzunehmen.<\/p>\n<p>Widerspruch Werbe-Mails<br \/>\n Der Nutzung der im Rahmen unserer Internethomepage ver\u00f6ffentlichten Kontaktdaten zur \u00dcbersendung von nicht ausdr\u00fccklich angeforderter Werbung, Newsletter und Informationsmaterialien wird hiermit widersprochen. Wir behalten uns ausdr\u00fccklich rechtliche Schritte im Falle der unverlangten Zusendung von Werbeinformationen, z.B. auch durch Spam-E-Mails oder per Telefax vor.<\/p>\n<p>&nbsp;<\/p>\n<p>Bildnachweise<br \/>\n \"Anwaltliche Vertretung\" Background: \u00a9Login @<a href=\"http:\/\/Fotolia.com\" target=\"_blank\" rel=\"noopener\">Fotolia.com<\/a><br \/>\n \"Anfahrt\" Bild Standort: \u00a9LightAndShare @<a href=\"http:\/\/Fotolia.com\" target=\"_blank\" rel=\"noopener\">Fotolia.com<\/a><br \/>\n Download: portweb<\/p>\n<p>Programmierung<br \/>\n Konzeption und Programmierung: <a title=\"PortWeb - S\u00fcdkirchen\" href=\"http:\/\/www.portweb.de\" target=\"_blank\" rel=\"noopener\">www.portweb.de<\/a><\/p>\n<\/div><\/div><\/div><\/div><\/div><\/div>","protected":false},"excerpt":{"rendered":"<p>Martin WalzerRechtsanwalt Benrather Str. 11 40213 D\u00fcsseldorf Tel.: 0211 &#8211; 32 87 50Fax: 0211 &#8211; 86 29 22 54 E-Mail: &#x77;&#97;&#x6c;&#x7a;&#101;&#x72;&#x40;&#111;&#x6e;&#x6c;&#105;&#x6e;&#x65;a&#x6e;&#x77;a&#x6c;&#116;&#46;&#x63;&#111;m Internet: www.onlineanwalt.com Umsatzsteuer-Identifikationsnummer: DE222701991 Berufsbezeichnung: RechtsanwaltDie Berufsbezeichnung wurde in der Bundesrepublik Deutschland verliehen.Die Zust\u00e4ndige Kammer ist die Rechtsanwaltskammer D\u00fcsseldorf. Die ma\u00dfgeblichen berufsrechtlichen Regelungen sind insbesondere: &#8211; Bundesrechtsanwaltsordnung (BRAO) &#8211; Berufsordnung f\u00fcr Rechtsanw\u00e4lte (BORA) &#8211; &hellip; <a href=\"https:\/\/www.onlineanwalt.com\/Martin-Walzer\/de\/impressum\/\" class=\"more-link\"><span class=\"screen-reader-text\">\u201eImpressum\u201c<\/span> weiterlesen<\/a><\/p>\n","protected":false},"author":1,"featured_media":0,"parent":0,"menu_order":0,"comment_status":"closed","ping_status":"closed","template":"","meta":{"footnotes":""},"_links":{"self":[{"href":"https:\/\/www.onlineanwalt.com\/Martin-Walzer\/wp-json\/wp\/v2\/pages\/280"}],"collection":[{"href":"https:\/\/www.onlineanwalt.com\/Martin-Walzer\/wp-json\/wp\/v2\/pages"}],"about":[{"href":"https:\/\/www.onlineanwalt.com\/Martin-Walzer\/wp-json\/wp\/v2\/types\/page"}],"author":[{"embeddable":true,"href":"https:\/\/www.onlineanwalt.com\/Martin-Walzer\/wp-json\/wp\/v2\/users\/1"}],"replies":[{"embeddable":true,"href":"https:\/\/www.onlineanwalt.com\/Martin-Walzer\/wp-json\/wp\/v2\/comments?post=280"}],"version-history":[{"count":22,"href":"https:\/\/www.onlineanwalt.com\/Martin-Walzer\/wp-json\/wp\/v2\/pages\/280\/revisions"}],"predecessor-version":[{"id":422,"href":"https:\/\/www.onlineanwalt.com\/Martin-Walzer\/wp-json\/wp\/v2\/pages\/280\/revisions\/422"}],"wp:attachment":[{"href":"https:\/\/www.onlineanwalt.com\/Martin-Walzer\/wp-json\/wp\/v2\/media?parent=280"}],"curies":[{"name":"wp","href":"https:\/\/api.w.org\/{rel}","templated":true}]}}